











{"id":614,"date":"2017-11-07T09:49:48","date_gmt":"2017-11-07T08:49:48","guid":{"rendered":"http:\/\/www.hydropipe.at\/?page_id=614\/"},"modified":"2022-03-30T08:13:28","modified_gmt":"2022-03-30T06:13:28","slug":"slurry-pumps","status":"publish","type":"page","link":"https:\/\/www.hydropipe.at\/en\/industrial-pumps\/slurry-pumps\/","title":{"rendered":"Slurry pumps"},"content":{"rendered":"<div id=\"metaslider-id-449\" style=\"width: 100%;\" class=\"ml-slider-3-108-0 ml-slider-pro-2-56-0 metaslider metaslider-flex metaslider-449 ml-slider ms-theme-default nav-hidden\" role=\"region\" aria-label=\"Neue Diashow\" data-height=\"500\" data-width=\"2400\">\n    <div id=\"metaslider_container_449\">\n        <div id=\"metaslider_449\">\n            <ul class='slides'>\n                <li style=\"display: block; width: 100%;\" class=\"slide-453 ms-image \" aria-roledescription=\"slide\" data-date=\"2017-05-30 13:00:48\" data-filename=\"iStock-547224292-2400x500.jpg\" data-slide-type=\"image\"><img loading=\"lazy\" decoding=\"async\" src=\"https:\/\/www.hydropipe.at\/wp\/wp-content\/uploads\/iStock-547224292-2400x500.jpg\" height=\"500\" width=\"2400\" alt=\"\" class=\"slider-449 slide-453 msDefaultImage\" \/><\/li>\n            <\/ul>\n        <\/div>\n        \n    <\/div>\n<\/div>\n<div class='conblock con-default  clearfix' style=''><div class='conblock-inner'>\n<h1>HP-Slurry pumps<\/h1>\n<h2>The drilling fluid pump with hydraulic drive!<\/h2>\n<div class='cols3 cols  nomargin  clearfix'>\n<div class='col colspan2 '>\n<p><strong>Wellenschutzh\u00fclse<\/strong> \u2013 Geh\u00e4rtet oder mit Keramik\u00fcberzug. Welle wird\u00a0durch die Wellen schutzh\u00fclse gesch\u00fctzt. Leichte Montage durch einfaches<br \/>\nAufschieben oder Abziehen.<\/p>\n<p><strong>Hydrodynamische Wellenabdichtung durch Zentrifugalrad<\/strong> \u2013 F\u00fcr einen hohen\u00a0Prozentsatz aller Einsatzf\u00e4lle kann die Zentrifugalrad-Abdichtung eingesetzt werden.\u00a0Es wird kein Sperrwasser ben\u00f6tigt.<\/p>\n<p><strong>Au\u00dfengeh\u00e4use<\/strong> \u2013 Geteiltes Au\u00dfengeh\u00e4use aus Sph\u00e4roguss\u00a0zur Aufnahme der Innenpanzerung erm\u00f6glicht hohe Betriebsdr\u00fccke.\u00a0Die Geh\u00e4useh\u00e4lten gew\u00e4hrleisten die Aufnahme\u00a0der vollen Belastung, so dass die Innenpanzerung bis zum\u00a0Austausch aufgeschlissen werden kann<\/p>\n<p><strong>Laufrad<\/strong> \u2013\u00a0Aus in Form gepresstem\u00a0Elastomer oder\u00a0aus Hartchromguss.\u00a0Brust- und R\u00fcckenschaufeln\u00a0reduzieren\u00a0die Belastung\u00a0der Wellenabdichtung\u00a0und minimieren\u00a0die Rezirkulation.<\/p>\n<p><strong>Untereinander\u00a0austauschbare Hartmetall- und Elastomerpanzerungen<\/strong> \u2013 Austauschbare Innenpanzerungen sind in Elastomer und \/ oder Metall einsetzbar und miteinander kombinierbar in ein und demselben Au\u00dfengeh\u00e4use. Hydraulische Abdichtungsringe gew\u00e4hrleisten die Abdichtung der bearbeiteten konischen Dichtfl\u00e4chen bei den Metallpanzerungen.<\/p>\n<p>Bearbeitete konische Dichtfl\u00e4chen der Metallpanzerung erm\u00f6glichen einfachste Ausrichtung beim Zusammenbau und eine ebenso leichte Demontage.<\/p>\n<p><a class=\"button\" href=\"https:\/\/hydropipe.at\/wp\/wp-content\/uploads\/HP_Prospekt_12_2021_ANSICHT.pdf\" target=\"_blank\" rel=\"noopener\">Prospekt Slurry pumps\u00a0<\/a><\/p>\n<\/div>\n<div class='col colspan last'>\n<p><a href=\"http:\/\/www.hydropipe.at\/wp\/wp-content\/uploads\/Gravel-pump_2015.jpg\"><img loading=\"lazy\" decoding=\"async\" class=\"alignnone wp-image-492 size-medium\" src=\"http:\/\/www.hydropipe.at\/wp\/wp-content\/uploads\/Gravel-pump_2015-550x367.jpg\" alt=\"\" width=\"550\" height=\"367\" \/><\/a><\/p>\n<p><a href=\"http:\/\/www.hydropipe.at\/wp\/wp-content\/uploads\/MUYUAN14-12GG.jpg\"><img loading=\"lazy\" decoding=\"async\" class=\"alignnone wp-image-494 size-medium\" src=\"http:\/\/www.hydropipe.at\/wp\/wp-content\/uploads\/MUYUAN14-12GG-550x367.jpg\" alt=\"\" width=\"550\" height=\"367\" \/><\/a><\/p>\n<\/div>\n<\/div>\n<h3>Pumps summary table<\/h3>\n<p>Pump size depending on flow rate &amp; hydraulic pump<\/p>\n<table>\n<tbody>\n<tr style=\"height: 44px;\">\n<td style=\"text-align: center; height: 44px;\"><strong>Type<\/strong><\/td>\n<td style=\"text-align: center; height: 44px;\"><strong>max. power<\/strong><\/td>\n<td style=\"text-align: center; height: 44px;\"><strong>Max. Flow rate l \/ min<\/strong><\/td>\n<td style=\"text-align: center; height: 44px;\"><strong>Price of the pump with<\/strong><br \/>\n<strong>naked shaft end<\/strong><\/td>\n<td style=\"text-align: center; height: 44px;\"><strong>Price of the complete<\/strong><br \/>\n<strong>Aggregates according to figure<\/strong><\/td>\n<\/tr>\n<tr style=\"height: 22px;\">\n<td style=\"height: 22px;\">2 \/ 1,5 B-MPA<\/td>\n<td style=\"height: 22px;\">15,0 kW<\/td>\n<td style=\"height: 22px;\">600 l \/ min bei \/ at 5,0 bar<\/td>\n<td style=\"height: 22px;\">\u20ac 2.536,\u2013<\/td>\n<td style=\"height: 22px;\">on demand<\/td>\n<\/tr>\n<tr style=\"height: 22px;\">\n<td style=\"height: 22px;\">3 \/ 2 CX-MPA<\/td>\n<td style=\"height: 22px;\">55,0 kW<\/td>\n<td style=\"height: 22px;\">1800 l \/ min bei \/ at 8,0 bar<\/td>\n<td style=\"height: 22px;\">\u20ac 4.055,\u2013<\/td>\n<td style=\"height: 22px;\">\u20ac 9.675,\u2013<\/td>\n<\/tr>\n<tr style=\"height: 22px;\">\n<td style=\"height: 22px;\">4 \/ 3 CX-MPA<\/td>\n<td style=\"height: 22px;\">55,0 kW<\/td>\n<td style=\"height: 22px;\">2400 l \/ min bei \/ at 7,5 bar<\/td>\n<td style=\"height: 22px;\">\u20ac 4.796,\u2013<\/td>\n<td style=\"height: 22px;\">\u20ac 10.416,\u2013<\/td>\n<\/tr>\n<tr style=\"height: 24.5469px;\">\n<td style=\"height: 24.5469px;\">6 \/ 4 DX-MPA<\/td>\n<td style=\"height: 24.5469px;\">110,0 kW<\/td>\n<td style=\"height: 24.5469px;\">4800 l \/ min bei \/ at 7,4 bar<\/td>\n<td style=\"height: 24.5469px;\">\u20ac 6.990,\u2013<\/td>\n<td style=\"height: 24.5469px;\">\u20ac 12.590,\u2013<\/td>\n<\/tr>\n<tr style=\"height: 22px;\">\n<td style=\"height: 22px;\">8 \/ 6 EX-MPA<\/td>\n<td style=\"height: 22px;\">225,0 kW<\/td>\n<td style=\"height: 22px;\">9000 l \/ min bei \/ at 7,8 bar<\/td>\n<td style=\"height: 22px;\">\u20ac 13.260,\u2013<\/td>\n<td style=\"height: 22px;\">on demand<\/td>\n<\/tr>\n<\/tbody>\n<\/table>\n<h3>Wear parts (suitable for Warman pumps)<\/h3>\n<p>We carry all common wear parts for mud pumps of the company HP and the company Albin. For your inquiry \/ order please call us on <strong>+43 6246 74431-0<\/strong> or send <a href=\"mailto:&#x6f;&#x66;&#x66;&#x69;&#x63;&#x65;&#x40;&#x68;&#x79;&#x64;&#x72;&#x6f;&#x70;&#x69;&#x70;&#x65;&#x2e;&#x61;&#x74;\">your request!<\/a><\/p>\n<div class='colorline'><\/div>\n<h3>HYDROPIPE Sales Company \u2013 Slurry pumps<\/h3>\n<p>If you have any further questions \u2013 please contact us on\u00a0<strong>+43 6246 74431-0<\/strong>\u00a0or send\u00a0<a href=\"mailto:&#x6f;&#x66;&#x66;&#x69;&#x63;&#x65;&#x40;&#x68;&#x79;&#x64;&#x72;&#x6f;&#x70;&#x69;&#x70;&#x65;&#x2e;&#x61;&#x74;\">your request!<\/a><\/p>\n<\/div> <\/div>\n<\/p>","protected":false},"excerpt":{"rendered":"","protected":false},"author":4,"featured_media":0,"parent":610,"menu_order":11,"comment_status":"closed","ping_status":"closed","template":"","meta":{"footnotes":""},"class_list":["post-614","page","type-page","status-publish","hentry"],"_links":{"self":[{"href":"https:\/\/www.hydropipe.at\/en\/wp-json\/wp\/v2\/pages\/614","targetHints":{"allow":["GET"]}}],"collection":[{"href":"https:\/\/www.hydropipe.at\/en\/wp-json\/wp\/v2\/pages"}],"about":[{"href":"https:\/\/www.hydropipe.at\/en\/wp-json\/wp\/v2\/types\/page"}],"author":[{"embeddable":true,"href":"https:\/\/www.hydropipe.at\/en\/wp-json\/wp\/v2\/users\/4"}],"replies":[{"embeddable":true,"href":"https:\/\/www.hydropipe.at\/en\/wp-json\/wp\/v2\/comments?post=614"}],"version-history":[{"count":5,"href":"https:\/\/www.hydropipe.at\/en\/wp-json\/wp\/v2\/pages\/614\/revisions"}],"predecessor-version":[{"id":1007,"href":"https:\/\/www.hydropipe.at\/en\/wp-json\/wp\/v2\/pages\/614\/revisions\/1007"}],"up":[{"embeddable":true,"href":"https:\/\/www.hydropipe.at\/en\/wp-json\/wp\/v2\/pages\/610"}],"wp:attachment":[{"href":"https:\/\/www.hydropipe.at\/en\/wp-json\/wp\/v2\/media?parent=614"}],"curies":[{"name":"wp","href":"https:\/\/api.w.org\/{rel}","templated":true}]}}